{"id":2647,"date":"2020-10-14T10:00:46","date_gmt":"2020-10-14T10:00:46","guid":{"rendered":"https:\/\/xn--quesosdeespaa-tkb.es\/quesea-in-news\/"},"modified":"2024-10-23T10:08:21","modified_gmt":"2024-10-23T10:08:21","slug":"quesea-in-news","status":"publish","type":"page","link":"https:\/\/xn--quesosdeespaa-tkb.es\/en\/quesea-in-news\/","title":{"rendered":"#Quesea in News"},"content":{"rendered":"<p>[et_pb_section fb_built=&#8221;1&#8243; _builder_version=&#8221;4.23&#8243; _module_preset=&#8221;default&#8221; background_image=&#8221;https:\/\/xn--quesosdeespaa-tkb.es\/wp-content\/uploads\/2023\/11\/header_prensa.jpg&#8221; min_height=&#8221;550px&#8221; height=&#8221;550px&#8221; max_height=&#8221;550px&#8221; custom_margin=&#8221;||||false|false&#8221; da_disable_devices=&#8221;off|off|off&#8221; global_colors_info=&#8221;{}&#8221; da_is_popup=&#8221;off&#8221; da_exit_intent=&#8221;off&#8221; da_has_close=&#8221;on&#8221; da_alt_close=&#8221;off&#8221; da_dark_close=&#8221;off&#8221; da_not_modal=&#8221;on&#8221; da_is_singular=&#8221;off&#8221; da_with_loader=&#8221;off&#8221; da_has_shadow=&#8221;on&#8221;][et_pb_row _builder_version=&#8221;4.23&#8243; _module_preset=&#8221;default&#8221; global_colors_info=&#8221;{}&#8221;][et_pb_column type=&#8221;4_4&#8243; _builder_version=&#8221;4.23&#8243; _module_preset=&#8221;default&#8221; global_colors_info=&#8221;{}&#8221;][et_pb_text _builder_version=&#8221;4.23&#8243; _module_preset=&#8221;default&#8221; header_2_font=&#8221;ClarendonLTStd-Bold||||||||&#8221; header_2_text_align=&#8221;center&#8221; header_2_text_color=&#8221;#FFFFFF&#8221; header_2_font_size=&#8221;55px&#8221; header_2_line_height=&#8221;0.8em&#8221; custom_margin=&#8221;160px||||false|false&#8221; header_2_text_shadow_style=&#8221;preset1&#8243; header_2_text_shadow_color=&#8221;rgba(0,0,0,0.6)&#8221; global_colors_info=&#8221;{}&#8221;]<\/p>\n<h2>Press Releases<\/h2>\n<p>[\/et_pb_text][\/et_pb_column][\/et_pb_row][\/et_pb_section][et_pb_section fb_built=&#8221;1&#8243; _builder_version=&#8221;4.16&#8243; _module_preset=&#8221;default&#8221; da_disable_devices=&#8221;off|off|off&#8221; global_colors_info=&#8221;{}&#8221; da_is_popup=&#8221;off&#8221; da_exit_intent=&#8221;off&#8221; da_has_close=&#8221;on&#8221; da_alt_close=&#8221;off&#8221; da_dark_close=&#8221;off&#8221; da_not_modal=&#8221;on&#8221; da_is_singular=&#8221;off&#8221; da_with_loader=&#8221;off&#8221; da_has_shadow=&#8221;on&#8221;][et_pb_row make_equal=&#8221;on&#8221; _builder_version=&#8221;4.23&#8243; _module_preset=&#8221;default&#8221; width=&#8221;70%&#8221; module_alignment=&#8221;center&#8221; custom_margin=&#8221;-29px||||false|false&#8221; custom_padding=&#8221;26px|||||&#8221; global_colors_info=&#8221;{}&#8221;][et_pb_column type=&#8221;4_4&#8243; _builder_version=&#8221;4.16&#8243; _module_preset=&#8221;default&#8221; global_colors_info=&#8221;{}&#8221;][et_pb_text _builder_version=&#8221;4.23&#8243; _module_preset=&#8221;default&#8221; text_font_size=&#8221;16px&#8221; link_text_color=&#8221;#0d96cc&#8221; module_alignment=&#8221;center&#8221; global_colors_info=&#8221;{}&#8221;]<\/p>\n<p style=\"text-align: center;\"><a href=\"https:\/\/xn--quesosdeespaa-tkb.es\/wp-content\/uploads\/2024\/07\/NdP-QI-la-IA-que-descubre-los-quesos-que-mejor-van-con-tu-personalidad.pdf\" target=\"_blank\" rel=\"noopener\">InLac presenta QI, la primera inteligencia artificial que descubre los quesos espa\u00f1oles que mejor van con la personalidad del consumidor (24\/07\/2024)<\/a><\/p>\n<p style=\"text-align: center;\"><a href=\"https:\/\/xn--quesosdeespaa-tkb.es\/wp-content\/uploads\/2024\/07\/NdP-Quesea-Training-10-recetas-de-queso-para-el-verano.pdf\" target=\"_blank\" rel=\"noopener\">Larga vida al queso como el \u201cRey del Verano\u201d: 10 recetas para disfrutar de este tesoro de nuestra gastronom\u00eda durante el periodo estival (19\/06\/2024)<\/a><\/p>\n<p style=\"text-align: center;\"><a href=\"https:\/\/xn--quesosdeespaa-tkb.es\/wp-content\/uploads\/2024\/07\/NdP-La-importacion-amenaza-a-los-quesos-espanoles-en-el-mercado-domestico.pdf\" target=\"_blank\" rel=\"noopener\">Los quesos espa\u00f1oles buscan mayor reconocimiento ante el notable aumento de las importaciones en un contexto de consumo estable (21\/03\/2024)<\/a><\/p>\n<p style=\"text-align: center;\"><a href=\"https:\/\/xn--quesosdeespaa-tkb.es\/wp-content\/uploads\/2024\/07\/NdP-Degustacion-Teatro-Capitol.pdf\" target=\"_blank\" rel=\"noopener\">Quesos de Espa\u00f1a para todos en plena Gran V\u00eda de Madrid (30\/11\/2023)<\/a><\/p>\n<p style=\"text-align: center;\"><a href=\"https:\/\/xn--quesosdeespaa-tkb.es\/wp-content\/uploads\/2024\/07\/NdP-Estudio-IPSOS-Quesos-de-Espana.pdf\" target=\"_blank\" rel=\"noopener\">El 90 % de los espa\u00f1oles prefiere consumir quesos de origen nacional con Manchego, Cabrales e Idiaz\u00e1bal a la cabeza de las variedades favoritas (15\/11\/2023)<\/a><\/p>\n<p style=\"text-align: center;\"><a href=\"https:\/\/xn--quesosdeespaa-tkb.es\/wp-content\/uploads\/2024\/07\/NdP-Quesea-GenZ-Awards-2023.pdf\" target=\"_blank\" rel=\"noopener\">Sergio Peinado, el \u2018romper\u00e9cords del fitness\u2019, reconocido como el mejor influencer espa\u00f1ol de salud y deporte en la gala de los GenZ Awards (14\/11\/2023)<\/a><\/p>\n<p style=\"text-align: center;\"><a href=\"https:\/\/xn--quesosdeespaa-tkb.es\/wp-content\/uploads\/2023\/06\/ndp-Quesea-junio.pdf\" target=\"_blank\" rel=\"noopener noreferrer\">El queso brillar\u00e1 en los platos mediterr\u00e1neos m\u00e1s frescos y saludables para \u201ccomerse\u201d el mes de junio (11\/06\/2023)<\/a><\/p>\n<p style=\"text-align: center;\"><a href=\"https:\/\/xn--quesosdeespaa-tkb.es\/wp-content\/uploads\/2023\/01\/NdP-Quesos-Enero.pdf\" target=\"_blank\" rel=\"noopener noreferrer\">\u00bfPuedo tomar queso si me pongo a dieta?  <\/a><\/p>\n<p style=\"text-align: center;\"><a href=\"https:\/\/xn--quesosdeespaa-tkb.es\/wp-content\/uploads\/2022\/12\/NdP-Quesos-para-estas-Navidades.pdf\">Nuestros quesos nacionales, alimentos \u2018estrella\u2019 para triunfar estas Navidades (12\/12\/2022)<\/a><\/p>\n<p style=\"text-align: center;\"><a href=\"https:\/\/xn--quesosdeespaa-tkb.es\/wp-content\/uploads\/2022\/12\/ndp-Quesea-nov-rev.pdf\">El queso, el ingrediente \u201csecreto\u201d para transformar tus mejores platos este oto\u00f1o (15\/10\/2022)<\/a><\/p>\n<p style=\"text-align: center;\"><a href=\"https:\/\/xn--quesosdeespaa-tkb.es\/wp-content\/uploads\/2022\/07\/quesos_verano2022.pdf\" target=\"_blank\" rel=\"noopener noreferrer\">En ensalada, crema, brocheta, pastas, quiche, risotto\u2026 en postres y helados: \u00a1Los quesos son para el verano! <\/a><\/p>\n<p style=\"text-align: center;\"><a href=\"https:\/\/xn--quesosdeespaa-tkb.es\/wp-content\/uploads\/2022\/07\/20-06-22-Espan%CC%83a-es-un-pai%CC%81s-de-quesos-por-descubrir.pdf\">Orograf\u00eda, microclimas y materia prima de excelencia factores clave para la elaboraci\u00f3n de los mejores quesos: Espa\u00f1a es \u2018un pa\u00eds de quesos\u2019 por descubrir (20\/06\/2022)<\/a><\/p>\n<p style=\"text-align: center;\"><a href=\"https:\/\/xn--quesosdeespaa-tkb.es\/wp-content\/uploads\/2022\/07\/16-04-22-El-queso-de-origen-nacional-el-rey-de-los-postres-.pdf\">El queso de origen nacional: el rey de los postres (16\/04\/2022)<\/a><\/p>\n<p style=\"text-align: center;\"><a href=\"https:\/\/xn--quesosdeespaa-tkb.es\/wp-content\/uploads\/2022\/07\/Queso-el-sorprendente-superalimento-que-da-alas-a-los-mejores-deportistas-de-elite.pdf\">Queso, el sorprendente &#8220;superalimento&#8221; que da alas a los mejores deportistas de elite (30\/03\/2022)<\/a><\/p>\n<p style=\"text-align: center;\"><a href=\"https:\/\/xn--quesosdeespaa-tkb.es\/wp-content\/uploads\/2022\/07\/20-03-22-Cinco-razones-para-disfrutar-del-queso-en-su-Di%CC%81a-Mundial.pdf\">\u00bfQu\u00e9 haces el 27 de marzo? <\/a><\/p>\n<p style=\"text-align: center;\"><a href=\"https:\/\/xn--quesosdeespaa-tkb.es\/wp-content\/uploads\/2022\/03\/06_NdP-febrero-curiosidades-.pdf\">Curiosidades sobre el queso: m\u00e1s de 7.000 a\u00f1os de historia y, de moneda de cambio, a delicatessen accesible (11\/02\/2022)<\/a><\/p>\n<p style=\"text-align: center;\"><a href=\"https:\/\/xn--quesosdeespaa-tkb.es\/wp-content\/uploads\/2022\/01\/05_NdP-enero-quesea_dietas-con-queso.pdf\">NdP &#8211; Por qu\u00e9 no deber\u00edas eliminar el queso de tu dieta para perder peso: experta de referencia desmiente el bulo m\u00e1s extendido (14\/01\/2022)<\/a><\/p>\n<p style=\"text-align: center;\"><a href=\"https:\/\/xn--quesosdeespaa-tkb.es\/wp-content\/uploads\/2022\/01\/04_NdP-diciembre-quesea-Navidad.pdf\">NdP &#8211; Los quesos de Espa\u00f1a se visten de fiesta por Navidad (17\/12\/2021)<\/a><\/p>\n<p style=\"text-align: center;\"><a href=\"https:\/\/xn--quesosdeespaa-tkb.es\/wp-content\/uploads\/2022\/01\/03_NdP-quesea-Puente-diciembre.pdf\">NdP &#8211; La mejor Tabla de Quesos para llevarse \u2018de Puente\u2019 (03\/12\/2021)<\/a><\/p>\n<p style=\"text-align: center;\"><a href=\"https:\/\/xn--quesosdeespaa-tkb.es\/wp-content\/uploads\/2022\/01\/02_NdP-Quesea-octubre.pdf\">NdP &#8211; Tres recetas con Queso de origen nacional para preparar este oto\u00f1o \u2026 \u00a1como un aut\u00e9ntico chef! <\/a><\/p>\n<p style=\"text-align: center;\"><a href=\"https:\/\/xn--quesosdeespaa-tkb.es\/wp-content\/uploads\/2021\/10\/01_NdP-septiembre-quesea.pdf\">NdP &#8211; Francia, Portugal, Italia y EE.UU., principales mercados exteriores para los quesos espa\u00f1oles (17\/09\/2021)<\/a><\/p>\n<p style=\"text-align: center;\"><a href=\"https:\/\/xn--quesosdeespaa-tkb.es\/wp-content\/uploads\/2021\/08\/11_NdP_Quesea_agosto-2021.pdf\" target=\"_blank\" rel=\"noopener noreferrer\">NdP &#8211; Cuatro recetas refrescantes elaboradas con Queso para combatir las altas temperaturas de agosto (26\/08\/2021)<\/a><\/p>\n<p style=\"text-align: center;\"><a href=\"https:\/\/xn--quesosdeespaa-tkb.es\/wp-content\/uploads\/2021\/08\/10_NdP_Quesea-julio-2021.pdf\" target=\"_blank\" rel=\"noopener noreferrer\">NdP &#8211; \u00a1Los quesos son para el verano! <\/a><\/p>\n<p style=\"text-align: center;\"><a href=\"https:\/\/xn--quesosdeespaa-tkb.es\/wp-content\/uploads\/2021\/06\/09_NdP_Quesea-junio-2021.pdf\">NdP &#8211; Cinco ideas para &#8220;quesear&#8221; seg\u00fan el momento del d\u00eda, la compa\u00f1\u00eda y el plan o &#8220;planazo&#8221; (24\/06\/2021)<\/a><\/p>\n<p style=\"text-align: center;\"><a href=\"https:\/\/xn--quesosdeespaa-tkb.es\/wp-content\/uploads\/2021\/06\/08_NdP_Quesea-mayo-2021.pdf\">NdP &#8211; Ignacio Elola (INLAC): &#8220;Calidad, innovaci\u00f3n e informaci\u00f3n al consumidor son claves para impulsar los quesos nacionales en el mercado&#8221; (26\/05\/2021)<\/a><\/p>\n<p style=\"text-align: center;\"><a href=\"https:\/\/xn--quesosdeespaa-tkb.es\/wp-content\/uploads\/2021\/04\/07_NdP_Quesea-abril-2021.pdf\">NdP &#8211; Los vers\u00e1tiles y sorprendentes quesos de origen nacional: un patrimonio \u00fanico (14\/04\/2021)<\/a><\/p>\n<p style=\"text-align: center;\"><a href=\"https:\/\/xn--quesosdeespaa-tkb.es\/wp-content\/uploads\/2021\/04\/06_NdP_Quesea-marzo-2021.pdf\">NdP &#8211; Ganaderos, cooperativas y fabricantes animan a consumir productos de origen nacional en el D\u00eda Mundial del Queso, que se conmemora este s\u00e1bado 27 de marzo (26\/03\/2021)<\/a><\/p>\n<p style=\"text-align: center;\"><a href=\"https:\/\/xn--quesosdeespaa-tkb.es\/wp-content\/uploads\/2021\/02\/05_NdP-Quesea-febrero-2021.pdf\" target=\"_blank\" rel=\"noopener noreferrer\">NdP &#8211; Curiosidades sobre el Queso: M\u00e1s de 7.000 a\u00f1os de historia y, de moneda de cambio, a delicatessen accesible (12\/02\/2021)<\/a><\/p>\n<p style=\"text-align: center;\"><a href=\"https:\/\/xn--quesosdeespaa-tkb.es\/wp-content\/uploads\/2021\/01\/04_NdP-Quesea-enero-2021.pdf\">NdP &#8211; \u00bfConoces todo lo que el Queso puede hacer por tu salud? <\/a><\/p>\n<p style=\"text-align: center;\"><a href=\"https:\/\/xn--quesosdeespaa-tkb.es\/wp-content\/uploads\/2020\/12\/03_NdP_Quesea-diciembre.pdf\">NdP &#8211; \u00bfC\u00f3mo maridar tus quesos de origen nacional estas Navidades? <\/a><\/p>\n<p style=\"text-align: center;\"><a href=\"https:\/\/xn--quesosdeespaa-tkb.es\/wp-content\/uploads\/2020\/11\/NdP_Quesea-noviembre.pdf\" target=\"_blank\" rel=\"noopener noreferrer\">NdP &#8211; Nuria M. Arribas (INLAC): \u201cEl queso nacional tiene grandes posibilidades de crecimiento en el mercado interior\u201d (16\/11\/2020)<\/a><\/p>\n<p style=\"text-align: center;\"><a href=\"https:\/\/xn--quesosdeespaa-tkb.es\/wp-content\/uploads\/2020\/10\/NdP_Quesea-Lanzamiento.pdf\" target=\"_blank\" rel=\"noopener noreferrer\">NdP &#8211; &#8220;Quesea\u201d o c\u00f3mo redescubrir la calidad y el amplio surtido de quesos que producimos en Espa\u00f1a (14\/10\/2020)<\/a><\/p>\n<p>[\/et_pb_text][\/et_pb_column][\/et_pb_row][\/et_pb_section]<\/p>\n","protected":false},"excerpt":{"rendered":"<p>Press ReleasesInLac presenta QI, la primera inteligencia artificial que descubre los quesos espa\u00f1oles que mejor van con la personalidad del consumidor (24\/07\/2024) Larga vida al queso como el \u201cRey del Verano\u201d: 10 recetas para disfrutar de este tesoro de nuestra gastronom\u00eda durante el periodo estival (19\/06\/2024) Los quesos espa\u00f1oles buscan mayor reconocimiento ante el notable [&hellip;]<\/p>\n","protected":false},"author":1,"featured_media":0,"parent":0,"menu_order":8,"comment_status":"closed","ping_status":"closed","template":"","meta":{"_et_pb_use_builder":"on","_et_pb_old_content":"","_et_gb_content_width":"","footnotes":""},"class_list":["post-2647","page","type-page","status-publish","hentry"],"_links":{"self":[{"href":"https:\/\/xn--quesosdeespaa-tkb.es\/en\/wp-json\/wp\/v2\/pages\/2647"}],"collection":[{"href":"https:\/\/xn--quesosdeespaa-tkb.es\/en\/wp-json\/wp\/v2\/pages"}],"about":[{"href":"https:\/\/xn--quesosdeespaa-tkb.es\/en\/wp-json\/wp\/v2\/types\/page"}],"author":[{"embeddable":true,"href":"https:\/\/xn--quesosdeespaa-tkb.es\/en\/wp-json\/wp\/v2\/users\/1"}],"replies":[{"embeddable":true,"href":"https:\/\/xn--quesosdeespaa-tkb.es\/en\/wp-json\/wp\/v2\/comments?post=2647"}],"version-history":[{"count":3,"href":"https:\/\/xn--quesosdeespaa-tkb.es\/en\/wp-json\/wp\/v2\/pages\/2647\/revisions"}],"predecessor-version":[{"id":2653,"href":"https:\/\/xn--quesosdeespaa-tkb.es\/en\/wp-json\/wp\/v2\/pages\/2647\/revisions\/2653"}],"wp:attachment":[{"href":"https:\/\/xn--quesosdeespaa-tkb.es\/en\/wp-json\/wp\/v2\/media?parent=2647"}],"curies":[{"name":"wp","href":"https:\/\/api.w.org\/{rel}","templated":true}]}}